{"id":10,"date":"2010-12-01T18:18:32","date_gmt":"2010-12-01T16:18:32","guid":{"rendered":"http:\/\/www.nevicatas.com\/wp\/?page_id=10"},"modified":"2024-07-17T11:57:56","modified_gmt":"2024-07-17T09:57:56","slug":"tuonnit","status":"publish","type":"page","link":"http:\/\/www.nevicatas.com\/wp\/?page_id=10","title":{"rendered":"Tuonnit"},"content":{"rendered":"<p><span style=\"font-size: medium;\">Imports<\/span><\/p>\n<p><a href=\"http:\/\/www.nevicatas.com\/wp\/?page_id=5271\">Bright &amp; Brindle\u00b4s Jamppa @ Nevicata&nbsp;<\/a><em>&#8221;Jamppa&#8221;<br \/>\n<a href=\"https:\/\/jalostus.kennelliitto.fi\/frmKoira.aspx?RekNo=FI33398%2F24&amp;R=140\">Jalostustietoj\u00e4rjestelm\u00e4<\/a><\/em><\/p>\n<p><a href=\"http:\/\/www.nevicatas.com\/wp\/?page_id=4929\">Sara z Certovej Zahrady&nbsp;<\/a><em>&#8221;Ciiri&#8221;<br \/>\n<a href=\"https:\/\/jalostus.kennelliitto.fi\/frmKoira.aspx?RekNo=FI21723\/21&amp;R=140\">Jalostustietoj\u00e4rjestelm\u00e4<\/a><br \/>\n<\/em><\/p>\n<p><a href=\"http:\/\/www.nevicatas.com\/wp\/?page_id=3943\" target=\"_self\" rel=\"noopener noreferrer\">Simply Irresistible Nevicata&#8217;s Adorable Gang<em> &#8221;KeijuKyllikkiSofitel&#8221;<\/em><\/a><br \/>\n<a href=\"https:\/\/jalostus.kennelliitto.fi\/frmKoira.aspx?RekNo=FI52973\/19&amp;R=140\"><em>Jalostustietoj\u00e4rjestelm\u00e4<\/em><\/a><\/p>\n<p><a href=\"http:\/\/www.nevicatas.com\/wp\/?page_id=5070\">Ken\u00b4s Golden Opportunity At Nevicata&nbsp;<em>&#8221;TyyrisTyt\u00f6nTyller\u00f6&#8221;<\/em><\/a><br \/>\n<a href=\"https:\/\/jalostus.kennelliitto.fi\/frmKoira.aspx?RekNo=FI33028%2F19&amp;R=140&amp;fbclid=IwAR3k6C5E8TPAL54vMggDS56JX_VxHaMkn44teS5RJXqUHbaN2Zk0Dv2bitQ\"><em>Jalostustietoj\u00e4rjestelm\u00e4<\/em><\/a><\/p>\n<p><a href=\"http:\/\/www.nevicatas.com\/wp\/?page_id=3931\" target=\"_self\" rel=\"noopener noreferrer\">Inferior Silesia Canis Eshu Eliquatorius For Nevicata&#8217;s <\/a><em><em><a href=\"http:\/\/www.nevicatas.com\/wp\/?page_id=3931\" target=\"_self\" rel=\"noopener noreferrer\">&#8221;EscoEnsh\u00e4t\u00e4ne&#8221;<\/a><\/em><br \/>\n<a href=\"https:\/\/jalostus.kennelliitto.fi\/frmKoira.aspx?RekNo=FI46929%2F16&amp;R=140\" target=\"_blank\" rel=\"noopener noreferrer\">Jalostustietoj\u00e4rjestelm\u00e4<\/a><\/em><\/p>\n<p><a href=\"http:\/\/www.nevicatas.com\/wp\/?page_id=3665\" target=\"_self\" rel=\"noopener noreferrer\">Merlin z Certovej Z\u00e1hrady&nbsp;<em>&#8221;V\u00e4in\u00f6ViljamiThe1st&#8221;<\/em><\/a><\/p>\n<p><a href=\"http:\/\/www.nevicatas.com\/wp\/?page_id=3614\" target=\"_self\" rel=\"noopener noreferrer\">Ken&#8217;s N&#8217;Nevicata&#8217;s WTF <em>&#8221;DixonIllinois&#8221;<\/em><\/a><\/p>\n<p><a href=\"http:\/\/www.nevicatas.com\/wp\/?page_id=3616\" target=\"_self\" rel=\"noopener noreferrer\">Ken&#8217;s N&#8217;Nevicata&#8217;s LOL <em>&#8221;Jerppa&#8221;<\/em><\/a><\/p>\n<p><a href=\"http:\/\/www.nevicatas.com\/wp\/?page_id=2796\" target=\"_self\" rel=\"noopener noreferrer\">Palooza&#8217;s Flying Finnair To Nevicata&#8217;s <\/a><em><a style=\"font-style: italic;\" href=\"http:\/\/www.nevicatas.com\/wp\/?page_id=2796\" target=\"_self\" rel=\"noopener noreferrer\">&#8221;Kylli-Sisko&#8221;<br \/>\n<\/a><a href=\"http:\/\/jalostus.kennelliitto.fi\/frmKoira.aspx?RekNo=FI51287%2F13&amp;R=140\" target=\"_blank\" rel=\"noopener noreferrer\">Jalostustietoj\u00e4rjestelm\u00e4<\/a><br \/>\n<\/em><a href=\"http:\/\/www.nevicatas.com\/wp\/?page_id=2797\" target=\"_self\" rel=\"noopener noreferrer\"><br \/>\n<\/a><a href=\"http:\/\/www.nevicatas.com\/wp\/?page_id=2797\" target=\"_self\" rel=\"noopener noreferrer\">Palooza&#8217;s Ticket&#8217;s Booked To Nevicata&#8217;s <\/a><em><a href=\"http:\/\/www.nevicatas.com\/wp\/?page_id=2797\" target=\"_self\" rel=\"noopener noreferrer\">&#8221;Simo&#8221;<\/a><br \/>\n<\/em><\/p>\n<p><a href=\"http:\/\/www.nevicatas.com\/wp\/?page_id=2592\" target=\"_self\" rel=\"noopener noreferrer\">Hex At Nevicata&#8217;s Certovej Z\u00e1hrady <em>&#8221;Hubert&#8221;<\/em><\/a><br \/>\n<a href=\"http:\/\/jalostus.kennelliitto.fi\/frmKoira.aspx?RekNo=FI23636\/13&amp;R=140\" target=\"_blank\" rel=\"noopener noreferrer\">Jalostustietoj\u00e4rjestelm\u00e4<\/a><br \/>\n<a href=\"http:\/\/www.nevicatas.com\/wp\/?page_id=228\" target=\"_self\" rel=\"noopener noreferrer\"><br \/>\nJabo\u00b4s Black Stallion At Nevicata\u00b4s &#8221;<em>Frank&#8221; (In Memoriam: 26.01.2010 &#8211; 05.01.2022)<br \/>\n<\/em><\/a><a href=\"http:\/\/jalostus.kennelliitto.fi\/frmKoira.aspx?RekNo=FI43324%2F10&amp;R=140\" target=\"_blank\" rel=\"noopener noreferrer\">Jalostustietoj\u00e4rjestelm\u00e4<\/a><\/p>\n<p><a href=\"http:\/\/www.nevicatas.com\/wp\/?page_id=232\" target=\"_self\" rel=\"noopener noreferrer\">Am Ch Alexander\u00b4s Lewis Expedition <em>&#8221;Lewis&#8221;<\/em><\/a><br \/>\n<a href=\"http:\/\/jalostus.kennelliitto.fi\/frmKoira.aspx?RekNo=FI43409%2F10&amp;R=140\" target=\"_blank\" rel=\"noopener noreferrer\">Jalostustietoj\u00e4rjestelm\u00e4<\/a><\/p>\n<p><a href=\"http:\/\/www.nevicatas.com\/wp\/?page_id=234\" target=\"_self\" rel=\"noopener noreferrer\">Am Ch Sabe\u00b4s Ghost Ryder <em>&#8221;Raikku&#8221;<\/em><\/a><br \/>\n<a href=\"http:\/\/jalostus.kennelliitto.fi\/frmKoira.aspx?RekNo=FI56838\/10&amp;R=140\" target=\"_blank\" rel=\"noopener noreferrer\">Jalostustietoj\u00e4rjestelm\u00e4<\/a><\/p>\n<p><a href=\"http:\/\/www.nevicatas.com\/wp\/?page_id=236\" target=\"_self\" rel=\"noopener noreferrer\">Dela&nbsp; At Nevicata\u00b4s z Certovej Z\u00e1hrady <em>&#8221;MimmiMarjaana&#8221;<\/em> <\/a><a href=\"http:\/\/jalostus.kennelliitto.fi\/frmKoira.aspx?RekNo=FI49814%2F10&amp;R=140\" target=\"_blank\" rel=\"noopener noreferrer\"><br \/>\nJalostustietoj\u00e4rjestelm\u00e4<\/a><\/p>\n<p><a href=\"http:\/\/www.nevicatas.com\/wp\/?page_id=238\" target=\"_self\" rel=\"noopener noreferrer\">Deana&nbsp; At Nevicata\u00b4s z Certovej Z\u00e1hrady <em>&#8221;MantaAdalmiina&#8221;<\/em><br \/>\n<\/a><a href=\"http:\/\/jalostus.kennelliitto.fi\/frmKoira.aspx?RekNo=FI46473%2F10&amp;R=140\" target=\"_blank\" rel=\"noopener noreferrer\">Jalostustietoj\u00e4rjestelm\u00e4<\/a><\/p>\n<p><a href=\"http:\/\/www.nevicatas.com\/wp\/?page_id=240\" target=\"_self\" rel=\"noopener noreferrer\">Danny At Nevicata\u00b4s z Certovej Z\u00e1hrady <em>&#8221;Yrj\u00f6\/George&#8221;<br \/>\n<\/em><\/a><a href=\"http:\/\/jalostus.kennelliitto.fi\/frmKoira.aspx?RekNo=FI50694%2F10&amp;R=140\" target=\"_blank\" rel=\"noopener noreferrer\">Jalostustietoj\u00e4rjestelm\u00e4<\/a><\/p>\n<p>KC&#8217;s Accept The Praise <em>&#8221;Scout&#8221;&nbsp;<\/em>(In Memoriam: 23.11.2004 &#8211; 17.10.2017)<br \/>\n<a href=\"https:\/\/jalostus.kennelliitto.fi\/frmKoira.aspx?RekNo=FIN56255\/07&amp;R=140\">Jalostustietoj\u00e4rjestelm\u00e4<\/a>&nbsp;<\/p>\n<p><a href=\"http:\/\/www.nevicatas.com\/wp\/?page_id=256\" target=\"_self\" rel=\"noopener noreferrer\">KC\u00b4s Rocket Man <em>&#8221;Lupu-Kalle&#8221;<\/em><\/a> (In Memoriam: 22.5.2004- 12.1.2015)<br \/>\n<a href=\"http:\/\/jalostus.kennelliitto.fi\/frmKoira.aspx?RekNo=FIN17734\/05&amp;R=140\" target=\"_blank\" rel=\"noopener noreferrer\">Jalostustietoj\u00e4rjestelm\u00e4<\/a><\/p>\n<p><a href=\"http:\/\/www.nevicatas.com\/wp\/?page_id=275\" target=\"_self\" rel=\"noopener noreferrer\">Renea\u00b4s Shown Tell Of Primary <em>&#8221;Tellie&#8221;<\/em><\/a> (In Memoriam: 6.6.2003-4.7.2012) Accident<a href=\"http:\/\/www.nevicatas.com\/wp\/?page_id=275\" target=\"_self\" rel=\"noopener noreferrer\"><br \/>\n<\/a><a href=\"http:\/\/jalostus.kennelliitto.fi\/frmKoira.aspx?RekNo=AKCNP03255106&amp;R=140\" target=\"_blank\" rel=\"noopener noreferrer\">Jalostustietoj\u00e4rjestelm\u00e4<\/a><\/p>\n<p><a href=\"http:\/\/www.nevicatas.com\/wp\/?page_id=282\" target=\"_self\" rel=\"noopener noreferrer\">Cent At Nevicata\u00b4s z Certovej Z\u00e1hrady <em>&#8221;Mauno&#8221;<\/em><\/a><a href=\"http:\/\/jalostus.kennelliitto.fi\/frmKoira.aspx?RekNo=FI33486%2F09&amp;R=140\" target=\"_blank\" rel=\"noopener noreferrer\"><em><br \/>\n<\/em><\/a><a href=\"http:\/\/jalostus.kennelliitto.fi\/frmKoira.aspx?RekNo=FI33486\/09&amp;R=140\" target=\"_blank\" rel=\"noopener noreferrer\">Jalostustietoj\u00e4rjestelm\u00e4<\/a><\/p>\n<p><a href=\"http:\/\/www.nevicatas.com\/wp\/?page_id=284\" target=\"_self\" rel=\"noopener noreferrer\">Cezra At Nevicata\u00b4s z Certovej Z\u00e1hrady <em>&#8221;Peppi&#8221;<br \/>\n<\/em><\/a><a href=\"http:\/\/jalostus.kennelliitto.fi\/frmKoira.aspx?RekNo=FI33567\/09&amp;R=140\" target=\"_blank\" rel=\"noopener noreferrer\">Jalostustietoj\u00e4rjestelm\u00e4<\/a><\/p>\n<p><a href=\"http:\/\/www.nevicatas.com\/wp\/?page_id=301\" target=\"_self\" rel=\"noopener noreferrer\">Deniro American Teuvo At Nevicata\u00b4s <em>&#8221;Teuvo&#8221;<br \/>\n<\/em><\/a><a href=\"http:\/\/jalostus.kennelliitto.fi\/frmKoira.aspx?RekNo=FIN60038\/08&amp;R=140\" target=\"_blank\" rel=\"noopener noreferrer\">Jalostustietoj\u00e4rjestelm\u00e4<\/a><\/p>\n<p><a href=\"http:\/\/www.nevicatas.com\/wp\/?page_id=405\" target=\"_self\" rel=\"noopener noreferrer\">Cedric At Nevicata\u00b4s z Certovej Z\u00e1hrady <em>&#8221;SeppoSakari&#8221;<\/em><\/a><\/p>\n<p><a href=\"http:\/\/www.nevicatas.com\/wp\/?page_id=618\" target=\"_self\" rel=\"noopener noreferrer\">KC\u00b4s Mystical Attraction <em>&#8221;Misty&#8221;<\/em><\/a><\/p>\n<p><a href=\"http:\/\/www.nevicatas.com\/wp\/?page_id=665\" target=\"_self\" rel=\"noopener noreferrer\">KC`s Real Deal Two <\/a><em><a href=\"http:\/\/www.nevicatas.com\/wp\/?page_id=665\" target=\"_self\" rel=\"noopener noreferrer\"><em>&#8221;Diili&#8221;<\/em> <\/a>(In Memoriam: 14.10.2004 &#8211; 9.2.2016) Vanhuus\/cushinin tauti<\/em><a href=\"http:\/\/www.nevicatas.com\/wp\/?page_id=665\" target=\"_self\" rel=\"noopener noreferrer\"><br \/>\n<\/a><a href=\"http:\/\/jalostus.kennelliitto.fi\/frmKoira.aspx?RekNo=FIN17735%2F05&amp;R=140\" target=\"_blank\" rel=\"noopener noreferrer\">Jalostustietoj\u00e4rjestelm\u00e4<\/a><\/p>\n<p>&nbsp;<\/p>\n<p><a href=\"http:\/\/jalostus.kennelliitto.fi\/frmKoira.aspx?RekNo=FIN17735\/05&amp;R=140\" target=\"_blank\" rel=\"noopener noreferrer\">&nbsp;<\/a><\/p>\n<hr>\n<p><a href=\"http:\/\/jalostus.kennelliitto.fi\/frmKoira.aspx?RekNo=FIN17735\/05&amp;R=140\" target=\"_blank\" rel=\"noopener noreferrer\"><strong>Muut Nevicata&#8217;s sukutauluissa esiintyv\u00e4t tuontikoirat:<br \/>\nOther imported dogs included in Nevicata&#8217;s pedigrees:<\/strong><\/a><\/p>\n<p>&nbsp;<\/p>\n<p><a href=\"http:\/\/jalostus.kennelliitto.fi\/frmKoira.aspx?RekNo=FIN17735\/05&amp;R=140\" target=\"_blank\" rel=\"noopener noreferrer\">&nbsp;<\/a><\/p>\n<p>&nbsp;<\/p>\n<p>&nbsp;<\/p>\n<p>&nbsp;<\/p>\n<p>&nbsp;<\/p>\n<p>&nbsp;<\/p>\n<p>&nbsp;<\/p>\n<p>&nbsp;<\/p>\n<p>&nbsp;<\/p>\n<p>&nbsp;<\/p>\n<p>&nbsp;<\/p>\n<p>&nbsp;<\/p>\n<p>&nbsp;<\/p>\n<p>&nbsp;<\/p>\n<p>&nbsp;<\/p>\n<p>&nbsp;<\/p>\n<p><a href=\"http:\/\/www.nevicatas.com\/wp\/?page_id=258\" target=\"_self\" rel=\"noopener noreferrer\">Am Ch Renea`s Rivera <em>&#8221;Revere&#8221;<\/em> <\/a><a href=\"http:\/\/jalostus.kennelliitto.fi\/frmKoira.aspx?RekNo=FI14485%2F09&amp;R=140\" target=\"_blank\" rel=\"noopener noreferrer\"><em><br \/>\n<\/em>Jalostustietoj\u00e4rjestelm\u00e4<\/a><\/p>\n<p><a href=\"http:\/\/www.nevicatas.com\/wp\/?page_id=273\" target=\"_self\" rel=\"noopener noreferrer\"><em>KC\u00b4s Hair Trigger <\/em>&#8221;Riki&#8221;<\/a><br \/>\n<a href=\"http:\/\/jalostus.kennelliitto.fi\/frmKoira.aspx?RekNo=FIN40536\/05&amp;R=140\" target=\"_blank\" rel=\"noopener noreferrer\">Jalostustietoj\u00e4rjestelm\u00e4<\/a><\/p>\n<p><a href=\"http:\/\/www.nevicatas.com\/wp\/?page_id=277\" target=\"_self\" rel=\"noopener noreferrer\">KC\u00b4s Almost Illegal <em>&#8221;Pipsa&#8221;<\/em><\/a><br \/>\n<a href=\"http:\/\/jalostus.kennelliitto.fi\/frmKoira.aspx?RekNo=FIN40535\/05&amp;R=140\" target=\"_blank\" rel=\"noopener noreferrer\">Jalostustietoj\u00e4rjestelm\u00e4<\/a><\/p>\n<p><a href=\"http:\/\/www.nevicatas.com\/wp\/?page_id=286\" target=\"_self\" rel=\"noopener noreferrer\">Sabe\u00b4s Carolina For Nevicata\u00b4s <em>&#8221;Carolina&#8221;<br \/>\n<\/em><\/a><a href=\"http:\/\/jalostus.kennelliitto.fi\/frmKoira.aspx?RekNo=FI42023%2F10&amp;R=140\" target=\"_blank\" rel=\"noopener noreferrer\">Jalostustietoj\u00e4rjestelm\u00e4<\/a><\/p>\n<p><a href=\"http:\/\/www.nevicatas.com\/wp\/?page_id=292\" target=\"_self\" rel=\"noopener noreferrer\">T-Bo\u00b4s Have Gun Will Travel <em>&#8221;Travis&#8221;<\/em><\/a><br \/>\n<a href=\"http:\/\/jalostus.kennelliitto.fi\/frmKoira.aspx?RekNo=FIN27517%2F07&amp;R=140\" target=\"_blank\" rel=\"noopener noreferrer\">Jalostustietoj\u00e4rjestelm\u00e4<\/a><\/p>\n<p><a href=\"http:\/\/www.nevicatas.com\/wp\/?page_id=299\" target=\"_self\" rel=\"noopener noreferrer\">Jabo\u00b4s Simply Marvelous <\/a><em><a href=\"http:\/\/www.nevicatas.com\/wp\/?page_id=299\" target=\"_self\" rel=\"noopener noreferrer\">&#8221;Ruby&#8221;<\/a><br \/>\n<\/em><a href=\"http:\/\/jalostus.kennelliitto.fi\/frmKoira.aspx?RekNo=FI43369\/10&amp;R=140\" target=\"_blank\" rel=\"noopener noreferrer\">Jalostustietoj\u00e4rjestelm\u00e4<\/a><\/p>\n<p><a href=\"http:\/\/www.nevicatas.com\/wp\/?page_id=477\" target=\"_self\" rel=\"noopener noreferrer\">KC\u00b4s Accept The Praise <em>&#8221;Scout&#8221;<\/em><\/a> (In Memoriam: 23.11.2004 &#8211; 17.10.2017)<br \/>\n<a href=\"http:\/\/jalostus.kennelliitto.fi\/frmKoira.aspx?RekNo=FIN56255\/07&amp;R=140\" target=\"_blank\" rel=\"noopener noreferrer\">Jalostustietoj\u00e4rjestelm\u00e4<\/a><\/p>\n<p><a href=\"http:\/\/www.nevicatas.com\/wp\/?page_id=2745\" target=\"_self\" rel=\"noopener noreferrer\">Inara Idol Park <em>&#8221;Honey&#8221;<\/em><\/a><br \/>\n<a href=\"http:\/\/jalostus.kennelliitto.fi\/frmKoira.aspx?RekNo=FIN15887\/08&amp;R=140\" target=\"_blank\" rel=\"noopener noreferrer\">Jalostustietoj\u00e4rjestelm\u00e4<\/a><\/p>\n","protected":false},"excerpt":{"rendered":"<p>Imports Bright &amp; Brindle\u00b4s Jamppa @ Nevicata&nbsp;&#8221;Jamppa&#8221; Jalostustietoj\u00e4rjestelm\u00e4 Sara z Certovej Zahrady&nbsp;&#8221;Ciiri&#8221; Jalostustietoj\u00e4rjestelm\u00e4 Simply Irresistible Nevicata&#8217;s Adorable Gang &#8221;KeijuKyllikkiSofitel&#8221; Jalostustietoj\u00e4rjestelm\u00e4 Ken\u00b4s Golden Opportunity At Nevicata&nbsp;&#8221;TyyrisTyt\u00f6nTyller\u00f6&#8221; Jalostustietoj\u00e4rjestelm\u00e4 Inferior Silesia Canis Eshu Eliquatorius For Nevicata&#8217;s &#8221;EscoEnsh\u00e4t\u00e4ne&#8221; Jalostustietoj\u00e4rjestelm\u00e4 Merlin z Certovej Z\u00e1hrady&nbsp;&#8221;V\u00e4in\u00f6ViljamiThe1st&#8221; Ken&#8217;s N&#8217;Nevicata&#8217;s WTF &#8221;DixonIllinois&#8221; Ken&#8217;s N&#8217;Nevicata&#8217;s LOL &#8221;Jerppa&#8221; Palooza&#8217;s Flying Finnair To Nevicata&#8217;s &#8221;Kylli-Sisko&#8221; Jalostustietoj\u00e4rjestelm\u00e4 Palooza&#8217;s [&hellip;]<\/p>\n","protected":false},"author":1,"featured_media":0,"parent":0,"menu_order":0,"comment_status":"open","ping_status":"closed","template":"","meta":{"ngg_post_thumbnail":0,"footnotes":""},"class_list":["post-10","page","type-page","status-publish","hentry"],"_links":{"self":[{"href":"http:\/\/www.nevicatas.com\/wp\/index.php?rest_route=\/wp\/v2\/pages\/10","targetHints":{"allow":["GET"]}}],"collection":[{"href":"http:\/\/www.nevicatas.com\/wp\/index.php?rest_route=\/wp\/v2\/pages"}],"about":[{"href":"http:\/\/www.nevicatas.com\/wp\/index.php?rest_route=\/wp\/v2\/types\/page"}],"author":[{"embeddable":true,"href":"http:\/\/www.nevicatas.com\/wp\/index.php?rest_route=\/wp\/v2\/users\/1"}],"replies":[{"embeddable":true,"href":"http:\/\/www.nevicatas.com\/wp\/index.php?rest_route=%2Fwp%2Fv2%2Fcomments&post=10"}],"version-history":[{"count":133,"href":"http:\/\/www.nevicatas.com\/wp\/index.php?rest_route=\/wp\/v2\/pages\/10\/revisions"}],"predecessor-version":[{"id":5276,"href":"http:\/\/www.nevicatas.com\/wp\/index.php?rest_route=\/wp\/v2\/pages\/10\/revisions\/5276"}],"wp:attachment":[{"href":"http:\/\/www.nevicatas.com\/wp\/index.php?rest_route=%2Fwp%2Fv2%2Fmedia&parent=10"}],"curies":[{"name":"wp","href":"https:\/\/api.w.org\/{rel}","templated":true}]}}