{"id":12,"date":"2010-12-01T18:19:00","date_gmt":"2010-12-01T16:19:00","guid":{"rendered":"http:\/\/www.nevicatas.com\/wp\/?page_id=12"},"modified":"2024-07-17T12:07:07","modified_gmt":"2024-07-17T10:07:07","slug":"viennit","status":"publish","type":"page","link":"http:\/\/www.nevicatas.com\/wp\/?page_id=12","title":{"rendered":"Viennit"},"content":{"rendered":"<p><span style=\"font-size: large;\">Exports<\/span><\/p>\n<p><a href=\"http:\/\/www.nevicatas.com\/wp\/?page_id=5111\">Nevicata&#8217;s Isadora Duncan<\/a><em><a href=\"http:\/\/www.nevicatas.com\/wp\/?page_id=5111\">&#8221;LadyLilja&#8221;<\/a><\/em><br \/>\n<a href=\"https:\/\/jalostus.kennelliitto.fi\/frmKoira.aspx?RekNo=FI61546%2F21&amp;R=140\">Jalostustietoj\u00e4rjestelm\u00e4<\/a><\/p>\n<p><a href=\"http:\/\/www.nevicatas.com\/wp\/?page_id=333\" target=\"_self\" rel=\"noopener\">Nevicata&#8217;s Grace Kelly <em>&#8221;Grace&#8221;<\/em><\/a><br \/>\n<a href=\"http:\/\/jalostus.kennelliitto.fi\/frmKoira.aspx?RekNo=FI44615%2F09&amp;R=140\" target=\"_blank\" rel=\"noopener\">Jalostustietoj\u00e4rjestelm\u00e4<\/a><\/p>\n<p><a href=\"http:\/\/www.nevicatas.com\/wp\/?page_id=392\" target=\"_self\" rel=\"noopener\">Nevicata\u00b4s Kevin Costner <\/a><em><a href=\"http:\/\/www.nevicatas.com\/wp\/?page_id=392\" target=\"_self\" rel=\"noopener\">&#8221;Kevin&#8221;<\/a><br \/>\n<\/em><a href=\"http:\/\/jalostus.kennelliitto.fi\/frmKoira.aspx?RekNo=FIN24280\/01&amp;R=140\" target=\"_blank\" rel=\"noopener\">Jalostustietoj\u00e4rjestelm\u00e4<\/a><\/p>\n","protected":false},"excerpt":{"rendered":"<p>Exports Nevicata&#8217;s Isadora Duncan&#8221;LadyLilja&#8221; Jalostustietoj\u00e4rjestelm\u00e4 Nevicata&#8217;s Grace Kelly &#8221;Grace&#8221; Jalostustietoj\u00e4rjestelm\u00e4 Nevicata\u00b4s Kevin Costner &#8221;Kevin&#8221; Jalostustietoj\u00e4rjestelm\u00e4<\/p>\n","protected":false},"author":1,"featured_media":0,"parent":0,"menu_order":0,"comment_status":"open","ping_status":"closed","template":"","meta":{"ngg_post_thumbnail":0,"footnotes":""},"class_list":["post-12","page","type-page","status-publish","hentry"],"_links":{"self":[{"href":"http:\/\/www.nevicatas.com\/wp\/index.php?rest_route=\/wp\/v2\/pages\/12","targetHints":{"allow":["GET"]}}],"collection":[{"href":"http:\/\/www.nevicatas.com\/wp\/index.php?rest_route=\/wp\/v2\/pages"}],"about":[{"href":"http:\/\/www.nevicatas.com\/wp\/index.php?rest_route=\/wp\/v2\/types\/page"}],"author":[{"embeddable":true,"href":"http:\/\/www.nevicatas.com\/wp\/index.php?rest_route=\/wp\/v2\/users\/1"}],"replies":[{"embeddable":true,"href":"http:\/\/www.nevicatas.com\/wp\/index.php?rest_route=%2Fwp%2Fv2%2Fcomments&post=12"}],"version-history":[{"count":16,"href":"http:\/\/www.nevicatas.com\/wp\/index.php?rest_route=\/wp\/v2\/pages\/12\/revisions"}],"predecessor-version":[{"id":5280,"href":"http:\/\/www.nevicatas.com\/wp\/index.php?rest_route=\/wp\/v2\/pages\/12\/revisions\/5280"}],"wp:attachment":[{"href":"http:\/\/www.nevicatas.com\/wp\/index.php?rest_route=%2Fwp%2Fv2%2Fmedia&parent=12"}],"curies":[{"name":"wp","href":"https:\/\/api.w.org\/{rel}","templated":true}]}}